{"id":186,"date":"2023-02-16T15:42:33","date_gmt":"2023-02-16T15:42:33","guid":{"rendered":"http:\/\/safe-orca.flywheelsites.com\/?page_id=186"},"modified":"2026-01-15T13:05:58","modified_gmt":"2026-01-15T13:05:58","slug":"faqs","status":"publish","type":"page","link":"https:\/\/secexaminer.ie\/ir\/faqs\/","title":{"rendered":"CEISTEANNA COITIANTA"},"content":{"rendered":"<div data-elementor-type=\"wp-page\" data-elementor-id=\"186\" class=\"elementor elementor-186\" data-elementor-post-type=\"page\">\n\t\t\t\t\t\t<section class=\"elementor-section elementor-top-section elementor-element elementor-element-999d4ad elementor-section-boxed elementor-section-height-default elementor-section-height-default\" data-id=\"999d4ad\" data-element_type=\"section\" data-e-type=\"section\">\n\t\t\t\t\t\t<div class=\"elementor-container elementor-column-gap-default\">\n\t\t\t\t\t<div class=\"elementor-column elementor-col-100 elementor-top-column elementor-element elementor-element-db5177d\" data-id=\"db5177d\" data-element_type=\"column\" data-e-type=\"column\">\n\t\t\t<div class=\"elementor-widget-wrap elementor-element-populated\">\n\t\t\t\t\t\t<div class=\"elementor-element elementor-element-af8892b elementor-widget elementor-widget-heading\" data-id=\"af8892b\" data-element_type=\"widget\" data-e-type=\"widget\" data-widget_type=\"heading.default\">\n\t\t\t\t<div class=\"elementor-widget-container\">\n\t\t\t\t\t<h1 class=\"elementor-heading-title elementor-size-default\">CEISTEANNA COITIANTA<\/h1>\t\t\t\t<\/div>\n\t\t\t\t<\/div>\n\t\t\t\t<div class=\"elementor-element elementor-element-85ac17f elementor-widget-divider--view-line elementor-widget elementor-widget-divider\" data-id=\"85ac17f\" data-element_type=\"widget\" data-e-type=\"widget\" data-widget_type=\"divider.default\">\n\t\t\t\t<div class=\"elementor-widget-container\">\n\t\t\t\t\t\t\t<div class=\"elementor-divider\">\n\t\t\t<span class=\"elementor-divider-separator\">\n\t\t\t\t\t\t<\/span>\n\t\t<\/div>\n\t\t\t\t\t\t<\/div>\n\t\t\t\t<\/div>\n\t\t\t\t\t<\/div>\n\t\t<\/div>\n\t\t\t\t\t<\/div>\n\t\t<\/section>\n\t\t<div class=\"elementor-element elementor-element-c122798 e-flex e-con-boxed e-con e-parent\" data-id=\"c122798\" data-element_type=\"container\" data-e-type=\"container\">\n\t\t\t\t\t<div class=\"e-con-inner\">\n\t\t\t\t<div class=\"elementor-element elementor-element-8cb331b elementor-widget elementor-widget-n-accordion\" data-id=\"8cb331b\" data-element_type=\"widget\" data-e-type=\"widget\" data-settings=\"{&quot;default_state&quot;:&quot;expanded&quot;,&quot;max_items_expended&quot;:&quot;one&quot;,&quot;n_accordion_animation_duration&quot;:{&quot;unit&quot;:&quot;ms&quot;,&quot;size&quot;:400,&quot;sizes&quot;:[]}}\" data-widget_type=\"nested-accordion.default\">\n\t\t\t\t<div class=\"elementor-widget-container\">\n\t\t\t\t\t\t\t<div class=\"e-n-accordion\" aria-label=\"Accordion. Open links with Enter or Space, close with Escape, and navigate with Arrow Keys\">\n\t\t\t\t\t\t<details id=\"e-n-accordion-item-1470\" class=\"e-n-accordion-item\" open>\n\t\t\t\t<summary class=\"e-n-accordion-item-title\" data-accordion-index=\"1\" tabindex=\"0\" aria-expanded=\"true\" aria-controls=\"e-n-accordion-item-1470\" >\n\t\t\t\t\t<span class='e-n-accordion-item-title-header'><div class=\"e-n-accordion-item-title-text\"> C\u00e9n F\u00e1th a mBeife\u00e1 i do Scr\u00fadaitheoir? <\/div><\/span>\n\t\t\t\t\t\t\t<span class='e-n-accordion-item-title-icon'>\n\t\t\t<span class='e-opened' ><i aria-hidden=\"true\" class=\"fas fa-minus\"><\/i><\/span>\n\t\t\t<span class='e-closed'><i aria-hidden=\"true\" class=\"fas fa-plus\"><\/i><\/span>\n\t\t<\/span>\n\n\t\t\t\t\t\t<\/summary>\n\t\t\t\t<div role=\"region\" aria-labelledby=\"e-n-accordion-item-1470\" class=\"elementor-element elementor-element-e601f24 e-con-full e-flex e-con e-child\" data-id=\"e601f24\" data-element_type=\"container\" data-e-type=\"container\">\n\t\t\t\t<div class=\"elementor-element elementor-element-20d011e elementor-widget elementor-widget-html\" data-id=\"20d011e\" data-element_type=\"widget\" data-e-type=\"widget\" data-widget_type=\"html.default\">\n\t\t\t\t<div class=\"elementor-widget-container\">\n\t\t\t\t\t\t\t\t\t<\/div>\n\t\t\t\t<\/div>\n\t\t\t\t<div class=\"elementor-element elementor-element-e76b974 elementor-widget elementor-widget-html\" data-id=\"e76b974\" data-element_type=\"widget\" data-e-type=\"widget\" data-widget_type=\"html.default\">\n\t\t\t\t<div class=\"elementor-widget-container\">\n\t\t\t\t\t \t\t\t\t<\/div>\n\t\t\t\t<\/div>\n\t\t\t\t<div class=\"elementor-element elementor-element-edba613 elementor-widget elementor-widget-text-editor\" data-id=\"edba613\" data-element_type=\"widget\" data-e-type=\"widget\" data-widget_type=\"text-editor.default\">\n\t\t\t\t<div class=\"elementor-widget-container\">\n\t\t\t\t\t\t\t\t\t<p>Tr\u00ed ph\u00e1irt a ghlacadh sa ch\u00f3ras scr\u00faduithe n\u00e1isi\u00fanta, is f\u00e9idir le m\u00fainteoir\u00ed aonair tairbhe a bhaint as go gairmi\u00fail agus \u00f3 thaobh airgid de araon.<\/p>\n<p><strong>Tairbh\u00eds gairmi\u00fala:<\/strong><\/p>\n<ul>\n<li>C\u00e1il\u00edocht do theagaisc a fhorbairt<\/li>\n<li>Feabhas a chur ar an tuiscint at\u00e1 agat ar an gcleachtas meas\u00fanaithe<\/li>\n<li>Foghlaim faoin bpr\u00f3iseas marc\u00e1la<\/li>\n<li>Do bhreithi\u00fanas gairmi\u00fail a chur i ngn\u00edomh<\/li>\n<li>L\u00edonr\u00fa a dh\u00e9anamh le comhghairmithe<\/li>\n<li>Deiseanna le hard\u00fa c\u00e9ime a fh\u00e1il go dt\u00ed r\u00f3il scr\u00fadaitheora n\u00edos sinseara\u00ed<\/li>\n<li>Do dheiseanna gairme a mh\u00e9ad\u00fa agus feabhas a chur ar do CV<\/li>\n<li>\u00c1bhair nua\/leasaithe san Ardteitim\u00e9ireacht agus sa tSraith Sh\u00f3isearach araon \u2013 deis iontach do mh\u00fainteoir\u00ed a bheith rannph\u00e1irteach agus l\u00e9argas a fh\u00e1il i marc\u00e1il na scr\u00faduithe seo den ch\u00e9ad uair.<\/li>\n<\/ul>\t\t\t\t\t\t\t\t<\/div>\n\t\t\t\t<\/div>\n\t\t\t\t<div class=\"elementor-element elementor-element-a8aead5 elementor-widget elementor-widget-html\" data-id=\"a8aead5\" data-element_type=\"widget\" data-e-type=\"widget\" data-widget_type=\"html.default\">\n\t\t\t\t<div class=\"elementor-widget-container\">\n\t\t\t\t\t \t\t\t\t<\/div>\n\t\t\t\t<\/div>\n\t\t\t\t<\/div>\n\t\t\t\t\t<\/details>\n\t\t\t\t\t\t<details id=\"e-n-accordion-item-1471\" class=\"e-n-accordion-item\" >\n\t\t\t\t<summary class=\"e-n-accordion-item-title\" data-accordion-index=\"2\" tabindex=\"-1\" aria-expanded=\"false\" aria-controls=\"e-n-accordion-item-1471\" >\n\t\t\t\t\t<span class='e-n-accordion-item-title-header'><div class=\"e-n-accordion-item-title-text\"> C\u00e9 at\u00e1 in ann Iarratas a dh\u00e9anamh? <\/div><\/span>\n\t\t\t\t\t\t\t<span class='e-n-accordion-item-title-icon'>\n\t\t\t<span class='e-opened' ><i aria-hidden=\"true\" class=\"fas fa-minus\"><\/i><\/span>\n\t\t\t<span class='e-closed'><i aria-hidden=\"true\" class=\"fas fa-plus\"><\/i><\/span>\n\t\t<\/span>\n\n\t\t\t\t\t\t<\/summary>\n\t\t\t\t<div role=\"region\" aria-labelledby=\"e-n-accordion-item-1471\" class=\"elementor-element elementor-element-582f90e e-con-full e-flex e-con e-child\" data-id=\"582f90e\" data-element_type=\"container\" data-e-type=\"container\">\n\t\t\t\t<div class=\"elementor-element elementor-element-db523f2 elementor-widget elementor-widget-html\" data-id=\"db523f2\" data-element_type=\"widget\" data-e-type=\"widget\" data-widget_type=\"html.default\">\n\t\t\t\t<div class=\"elementor-widget-container\">\n\t\t\t\t\t\t\t\t\t<\/div>\n\t\t\t\t<\/div>\n\t\t\t\t<div class=\"elementor-element elementor-element-79b05cb elementor-widget elementor-widget-html\" data-id=\"79b05cb\" data-element_type=\"widget\" data-e-type=\"widget\" data-widget_type=\"html.default\">\n\t\t\t\t<div class=\"elementor-widget-container\">\n\t\t\t\t\t \t\t\t\t<\/div>\n\t\t\t\t<\/div>\n\t\t\t\t<div class=\"elementor-element elementor-element-2e1d02e elementor-widget elementor-widget-text-editor\" data-id=\"2e1d02e\" data-element_type=\"widget\" data-e-type=\"widget\" data-widget_type=\"text-editor.default\">\n\t\t\t\t<div class=\"elementor-widget-container\">\n\t\t\t\t\t\t\t\t\t<p>T\u00e1 f\u00e1ilte roimh na m\u00fainteoir\u00ed uile a bhfuil na c\u00e1il\u00edochta\u00ed cu\u00ed acu iarratas a dh\u00e9anamh ar na poist seo. Roghn\u00f3far scr\u00fadaitheoir\u00ed ar an mbun\u00fas d\u00e1 dtaith\u00ed agus c\u00e1il\u00edochta\u00ed teagaisc agus meas\u00fanaithe. Cuirtear oili\u00faint ioml\u00e1n ar f\u00e1il agus t\u00e1 l\u00edonra a bhfuil taca\u00edocht leis ar f\u00e1il i rith phr\u00f3iseas na marc\u00e1la.<\/p>\n<p><strong>N\u00ed m\u00f3r go mbeadh an m\u00e9id seo a leanas ag iarratas\u00f3ir\u00ed don phost:<\/strong><\/p>\n<ul>\n<li>C\u00e9im tr\u00ed\u00fa leibh\u00e9al n\u00f3 a comhionann a bheith acu<\/li>\n<li>Taith\u00ed teagaisc le d\u00e9ana\u00ed acu sa r\u00e9imse \u00e1bhair iomchu\u00ed n\u00f3 in \u00e1bhar gaolmhar<\/li>\n<li>Scileanna eagr\u00fach\u00e1in agus anail\u00edseacha maithe a bheith acu<\/li>\n<li>In ann obair a dh\u00e9anamh ar amsc\u00e1la socraithe<\/li>\n<li>Ar f\u00e1il chun obair a dh\u00e9anamh go l\u00e1naimseartha i rith thr\u00e9imhse na marc\u00e1la<\/li>\n<li>Ina gc\u00f3na\u00ed i bPoblacht na h\u00c9ireann i rith thr\u00e9imhse na marc\u00e1la.<\/li>\n<\/ul>\t\t\t\t\t\t\t\t<\/div>\n\t\t\t\t<\/div>\n\t\t\t\t<div class=\"elementor-element elementor-element-e80a0df elementor-widget elementor-widget-html\" data-id=\"e80a0df\" data-element_type=\"widget\" data-e-type=\"widget\" data-widget_type=\"html.default\">\n\t\t\t\t<div class=\"elementor-widget-container\">\n\t\t\t\t\t \t\t\t\t<\/div>\n\t\t\t\t<\/div>\n\t\t\t\t<\/div>\n\t\t\t\t\t<\/details>\n\t\t\t\t\t\t<details id=\"e-n-accordion-item-1472\" class=\"e-n-accordion-item\" >\n\t\t\t\t<summary class=\"e-n-accordion-item-title\" data-accordion-index=\"3\" tabindex=\"-1\" aria-expanded=\"false\" aria-controls=\"e-n-accordion-item-1472\" >\n\t\t\t\t\t<span class='e-n-accordion-item-title-header'><div class=\"e-n-accordion-item-title-text\"> Cad a bheidh \u00e1 Thuilleamh agam? <\/div><\/span>\n\t\t\t\t\t\t\t<span class='e-n-accordion-item-title-icon'>\n\t\t\t<span class='e-opened' ><i aria-hidden=\"true\" class=\"fas fa-minus\"><\/i><\/span>\n\t\t\t<span class='e-closed'><i aria-hidden=\"true\" class=\"fas fa-plus\"><\/i><\/span>\n\t\t<\/span>\n\n\t\t\t\t\t\t<\/summary>\n\t\t\t\t<div role=\"region\" aria-labelledby=\"e-n-accordion-item-1472\" class=\"elementor-element elementor-element-4f289a1 e-con-full e-flex e-con e-child\" data-id=\"4f289a1\" data-element_type=\"container\" data-e-type=\"container\">\n\t\t\t\t<div class=\"elementor-element elementor-element-7e465ca elementor-widget elementor-widget-html\" data-id=\"7e465ca\" data-element_type=\"widget\" data-e-type=\"widget\" data-widget_type=\"html.default\">\n\t\t\t\t<div class=\"elementor-widget-container\">\n\t\t\t\t\t\t\t\t\t<\/div>\n\t\t\t\t<\/div>\n\t\t\t\t<div class=\"elementor-element elementor-element-17d38ce elementor-widget elementor-widget-html\" data-id=\"17d38ce\" data-element_type=\"widget\" data-e-type=\"widget\" data-widget_type=\"html.default\">\n\t\t\t\t<div class=\"elementor-widget-container\">\n\t\t\t\t\t \t\t\t\t<\/div>\n\t\t\t\t<\/div>\n\t\t\t\t<div class=\"elementor-element elementor-element-9eb4281 elementor-widget elementor-widget-text-editor\" data-id=\"9eb4281\" data-element_type=\"widget\" data-e-type=\"widget\" data-widget_type=\"text-editor.default\">\n\t\t\t\t<div class=\"elementor-widget-container\">\n\t\t\t\t\t\t\t\t\t<p><strong>Scr\u00fadaitheoir\u00ed Scr\u00edofa don tSraith Sh\u00f3isearach agus don Ardteistim\u00e9ireacht<\/strong><\/p><p>I gc\u00e1s na hArdteistim\u00e9ireachta, agus \u00edoca\u00edocht dreasachta 2026 curtha leis, gheobhaidh scr\u00fadaitheoir\u00ed go hiond\u00fail idir\u00a0\u20ac8,396\u00a0agus\u00a0\u20ac11,842\u00a0ag brath ar an \u00e1bhar agus ar l\u00edon na scripteanna a mharc\u00e1iltear.<\/p><p>I gc\u00e1s na Sraithe S\u00f3iseara\u00ed, agus \u00edoca\u00edocht dreasachta 2026 curtha leis, gheobhaidh scr\u00fadaitheoir\u00ed go hiond\u00fail idir\u00a0\u20ac5,278\u00a0agus\u00a0\u20ac5,446\u00a0ag brath ar an \u00e1bhar agus ar l\u00edon na scripteanna a mharc\u00e1iltear.<\/p><p>Mar achoimre, gheobhaidh scr\u00fadaitheoir\u00ed:<\/p><ul><li>T\u00e1ille riarach\u00e1in de \u20ac261.75<\/li><li>T\u00e1ille comhdh\u00e1la marc\u00e1la de \u20ac261.75 (m\u00e1s bainteach)<\/li><li>An t\u00e1ille socruithe leasaithe de \u20ac261.75 i gc\u00e1s na comhdh\u00e1la marc\u00e1la digit\u00ed (m\u00e1s bainteach)\u00a0<\/li><li>T\u00e1ill\u00ed scripte a bhaineann le h\u00e1bhair ar leith. An r\u00e1ta do gach script a bhaineann le h\u00e1bhair ar leith at\u00e1 \u00e9ags\u00fail ag brath ar chastacht an scr\u00fadaithe agus an t-am a ghlacann s\u00e9 gach script a mharc\u00e1il<\/li><li>3% \u00f3n gComhaont\u00fa Ag Dul \u00f3 Neart go Neart a chuirtear lena bhfuil thuas<\/li><li>\u20ac6 sa bhreis do gach script a mharc\u00e1iltear go s\u00e1s\u00fail ag an Ardteistim\u00e9ireacht<\/li><li>\u20ac3 sa bhreis do gach script a mharc\u00e1iltear go s\u00e1s\u00fail ag an tSraith Sh\u00f3isearach<\/li><li>R\u00e1ta\u00ed scripte n\u00edos airde do scripteanna breise a mharc\u00e1iltear os cionn na tairs\u00ed d\u2019\u00e1bhair ar leith (m\u00e1s bainteach)<\/li><li>Le haghaidh 2026, t\u00e1thar ag lean\u00faint ar aghaidh leis an \u00cdoca\u00edocht Dreasachta um Earca\u00edocht agus Choinne\u00e1il de \u20ac900 le haghaidh Scr\u00fadaitheoir\u00ed na hArdteistim\u00e9ireachta agus \u20ac700 le haghaidh Scr\u00fadaitheoir\u00ed na Sraithe S\u00f3iseara\u00ed ar bhonn aonair.<\/li><\/ul><p>Tabharfar tuilleadh mionsonra\u00ed duit nuair a cheaptar th\u00fa.<\/p><p><strong>Scr\u00fadaitheoir\u00ed Scr\u00edofa don Ardteistim\u00e9ireacht Fheidhmeach<\/strong><\/p><p>Mar achoimre, gheobhaidh scr\u00fadaitheoir\u00ed:<\/p><ul><li>T\u00e1ille riarach\u00e1in de \u20ac261.75<\/li><li>T\u00e1ille comhdh\u00e1la marc\u00e1la de \u20ac261.75 (m\u00e1s bainteach)<\/li><li>An t\u00e1ille socruithe leasaithe de \u20ac261.75i gc\u00e1s na comhdh\u00e1la marc\u00e1la digit\u00ed (m\u00e1s bainteach)\u00a0<\/li><li>T\u00e1ill\u00ed scripte a bhaineann le h\u00e1bhair ar leith. An r\u00e1ta do gach script a bhaineann le h\u00e1bhair ar leith at\u00e1 \u00e9ags\u00fail ag brath ar chastacht an scr\u00fadaithe agus an t-am a ghlacann s\u00e9 gach script a mharc\u00e1il<\/li><li>3% \u00f3n gComhaont\u00fa Ag Dul \u00f3 Neart go Neart a chuirtear lena bhfuil thuas<\/li><li>\u20ac6 sa bhreis do gach script a mharc\u00e1iltear go s\u00e1s\u00fail ag an Ardteistim\u00e9ireacht Fheidhmeach<\/li><li>R\u00e1ta\u00ed scripte n\u00edos airde do scripteanna breise a mharc\u00e1iltear os cionn na tairs\u00ed d\u2019\u00e1bhair ar leith (m\u00e1s bainteach)<\/li><li>\u00cdoca\u00edocht Dreasachta Earca\u00edochta agus Coinne\u00e1la de \u20ac900 le haghaidh Scr\u00fadaitheoir\u00ed na hArdteistim\u00e9ireachta Feidhm\u00ed.\u00a0<\/li><\/ul><p>Tabharfar tuilleadh mionsonra\u00ed duit nuair a cheaptar th\u00fa<\/p><p><strong>Scr\u00fadaitheoir\u00ed B\u00e9altrialacha don Ardteistim\u00e9ireacht<\/strong><\/p><p>T\u00e1 na r\u00e1ta\u00ed p\u00e1 do scr\u00fadaitheoir\u00ed b\u00e9altrialacha 2026 mar a leanas. Iniata sna r\u00e1ta\u00ed seo t\u00e1 an \u20ac6 in aghaidh na scripte \/teiste a ceada\u00edodh ar dt\u00fas in 2022 agus pr\u00e9imh c. \u20ac11 de bharr na dtrialacha a re\u00e1cht\u00e1il am C\u00e1sca.<\/p><ul><li><strong>Gaeilge na hArdteistim\u00e9ireachta Bonnleibh\u00e9al<\/strong>\u00a0\u2013 \u20ac21.95 in aghaidh an iarrth\u00f3ra (2019 r\u00e1ta \u20ac7.00)<\/li><li><strong>Gach B\u00e9altriail eile<\/strong>\u00a0\u2013 \u20ac29.41 in aghaidh an iarrth\u00f3ra (2019 r\u00e1ta \u20ac9.38)<\/li><li><strong>T\u00e1ille don Socr\u00fa Athbhreithnithe :<\/strong>\u00a0\u20ac261.75 in aghaidh ceap\u00fach\u00e1in (2019 r\u00e1ta n\/a)<\/li><\/ul><p>Faigheann scr\u00fadaitheoir\u00ed speansais thaistil freisin agus li\u00fantais chothaithe chomh maith leis an m\u00e9id thuas<\/p>\t\t\t\t\t\t\t\t<\/div>\n\t\t\t\t<\/div>\n\t\t\t\t<div class=\"elementor-element elementor-element-ae323a6 elementor-widget elementor-widget-html\" data-id=\"ae323a6\" data-element_type=\"widget\" data-e-type=\"widget\" data-widget_type=\"html.default\">\n\t\t\t\t<div class=\"elementor-widget-container\">\n\t\t\t\t\t \t\t\t\t<\/div>\n\t\t\t\t<\/div>\n\t\t\t\t<\/div>\n\t\t\t\t\t<\/details>\n\t\t\t\t\t<\/div>\n\t\t\t\t\t\t<\/div>\n\t\t\t\t<\/div>\n\t\t\t\t\t<\/div>\n\t\t\t\t<\/div>\n\t\t\t\t<\/div>","protected":false},"excerpt":{"rendered":"<p>Why Become an Examiner? Who Can Apply? What Will I Earn?<\/p>","protected":false},"author":1,"featured_media":0,"parent":0,"menu_order":0,"comment_status":"closed","ping_status":"closed","template":"","meta":{"footnotes":""},"class_list":["post-186","page","type-page","status-publish"],"_links":{"self":[{"href":"https:\/\/secexaminer.ie\/ir\/wp-json\/wp\/v2\/pages\/186","targetHints":{"allow":["GET"]}}],"collection":[{"href":"https:\/\/secexaminer.ie\/ir\/wp-json\/wp\/v2\/pages"}],"about":[{"href":"https:\/\/secexaminer.ie\/ir\/wp-json\/wp\/v2\/types\/page"}],"author":[{"embeddable":true,"href":"https:\/\/secexaminer.ie\/ir\/wp-json\/wp\/v2\/users\/1"}],"replies":[{"embeddable":true,"href":"https:\/\/secexaminer.ie\/ir\/wp-json\/wp\/v2\/comments?post=186"}],"version-history":[{"count":0,"href":"https:\/\/secexaminer.ie\/ir\/wp-json\/wp\/v2\/pages\/186\/revisions"}],"wp:attachment":[{"href":"https:\/\/secexaminer.ie\/ir\/wp-json\/wp\/v2\/media?parent=186"}],"curies":[{"name":"wp","href":"https:\/\/api.w.org\/{rel}","templated":true}]}}