{"id":188,"date":"2023-02-16T15:42:33","date_gmt":"2023-02-16T15:42:33","guid":{"rendered":"http:\/\/safe-orca.flywheelsites.com\/?page_id=188"},"modified":"2026-03-24T16:53:28","modified_gmt":"2026-03-24T16:53:28","slug":"fees","status":"publish","type":"page","link":"https:\/\/secexaminer.ie\/ir\/fees\/","title":{"rendered":"T\u00c1ILL\u00cd"},"content":{"rendered":"<div data-elementor-type=\"wp-page\" data-elementor-id=\"188\" class=\"elementor elementor-188\" data-elementor-post-type=\"page\">\n\t\t\t\t\t\t<section class=\"elementor-section elementor-top-section elementor-element elementor-element-2d450f3 elementor-section-boxed elementor-section-height-default elementor-section-height-default\" data-id=\"2d450f3\" data-element_type=\"section\" data-e-type=\"section\">\n\t\t\t\t\t\t<div class=\"elementor-container elementor-column-gap-default\">\n\t\t\t\t\t<div class=\"elementor-column elementor-col-100 elementor-top-column elementor-element elementor-element-f50169d\" data-id=\"f50169d\" data-element_type=\"column\" data-e-type=\"column\">\n\t\t\t<div class=\"elementor-widget-wrap elementor-element-populated\">\n\t\t\t\t\t\t<div class=\"elementor-element elementor-element-d48c69c elementor-widget elementor-widget-heading\" data-id=\"d48c69c\" data-element_type=\"widget\" data-e-type=\"widget\" data-widget_type=\"heading.default\">\n\t\t\t\t<div class=\"elementor-widget-container\">\n\t\t\t\t\t<h1 class=\"elementor-heading-title elementor-size-default\">T\u00c1ILL\u00cd<\/h1>\t\t\t\t<\/div>\n\t\t\t\t<\/div>\n\t\t\t\t<div class=\"elementor-element elementor-element-3982380 elementor-widget-divider--view-line elementor-widget elementor-widget-divider\" data-id=\"3982380\" data-element_type=\"widget\" data-e-type=\"widget\" data-widget_type=\"divider.default\">\n\t\t\t\t<div class=\"elementor-widget-container\">\n\t\t\t\t\t\t\t<div class=\"elementor-divider\">\n\t\t\t<span class=\"elementor-divider-separator\">\n\t\t\t\t\t\t<\/span>\n\t\t<\/div>\n\t\t\t\t\t\t<\/div>\n\t\t\t\t<\/div>\n\t\t\t\t\t<\/div>\n\t\t<\/div>\n\t\t\t\t\t<\/div>\n\t\t<\/section>\n\t\t\t\t<section class=\"elementor-section elementor-top-section elementor-element elementor-element-5282d813 elementor-section-boxed elementor-section-height-default elementor-section-height-default\" data-id=\"5282d813\" data-element_type=\"section\" data-e-type=\"section\">\n\t\t\t\t\t\t<div class=\"elementor-container elementor-column-gap-default\">\n\t\t\t\t\t<div class=\"elementor-column elementor-col-100 elementor-top-column elementor-element elementor-element-fbe27c8\" data-id=\"fbe27c8\" data-element_type=\"column\" data-e-type=\"column\">\n\t\t\t<div class=\"elementor-widget-wrap elementor-element-populated\">\n\t\t\t\t\t\t<div class=\"elementor-element elementor-element-83e4f23 elementor-widget elementor-widget-text-editor\" data-id=\"83e4f23\" data-element_type=\"widget\" data-e-type=\"widget\" data-widget_type=\"text-editor.default\">\n\t\t\t\t<div class=\"elementor-widget-container\">\n\t\t\t\t\t\t\t\t\t<p><\/p>\t\t\t\t\t\t\t\t<\/div>\n\t\t\t\t<\/div>\n\t\t\t\t\t<\/div>\n\t\t<\/div>\n\t\t\t\t\t<\/div>\n\t\t<\/section>\n\t\t\t\t<section class=\"elementor-section elementor-top-section elementor-element elementor-element-aec6701 elementor-section-boxed elementor-section-height-default elementor-section-height-default\" data-id=\"aec6701\" data-element_type=\"section\" data-e-type=\"section\">\n\t\t\t\t\t\t<div class=\"elementor-container elementor-column-gap-default\">\n\t\t\t\t\t<div class=\"elementor-column elementor-col-100 elementor-top-column elementor-element elementor-element-079d397\" data-id=\"079d397\" data-element_type=\"column\" data-e-type=\"column\">\n\t\t\t<div class=\"elementor-widget-wrap elementor-element-populated\">\n\t\t\t\t\t\t<div class=\"elementor-element elementor-element-4b41d54 elementor-widget elementor-widget-text-editor\" data-id=\"4b41d54\" data-element_type=\"widget\" data-e-type=\"widget\" data-widget_type=\"text-editor.default\">\n\t\t\t\t<div class=\"elementor-widget-container\">\n\t\t\t\t\t\t\t\t\t<p><\/p><p>T\u00e1 \u00e1thas orainn a chur in i\u00fal duit go bhfuil na harduithe breise ar r\u00e1ta do na scr\u00fadaitheoir\u00ed scr\u00edofa agus scr\u00fadaitheoir\u00ed b\u00e9altrialacha a gnOtha\u00edodh do 2025 dearbhaithe do scr\u00faduithe 2026.<\/p><h3><strong>Achoimre ar R\u00e1ta \u00cdoca\u00edochta do Scr\u00fadaitheoir\u00ed Scr\u00edofa\u00a0don\u00a0tSraith Sh\u00f3isearach agus don Ardteistim\u00e9ireacht<\/strong><\/h3><p>I gc\u00e1s na hArdteistim\u00e9ireachta, agus \u00edoca\u00edocht dreasachta 2026 curtha leis, gheobhaidh scr\u00fadaitheoir\u00ed go hiond\u00fail idir\u00a0<strong>\u20ac8,396<\/strong>\u00a0agus\u00a0<strong>\u20ac11,842<\/strong><strong>\u00a0<\/strong>ag brath ar an \u00e1bhar agus ar l\u00edon na scripteanna a mharc\u00e1iltear.<\/p><p>I gc\u00e1s na Sraithe S\u00f3iseara\u00ed, agus \u00edoca\u00edocht dreasachta 2026 curtha leis, gheobhaidh scr\u00fadaitheoir\u00ed go hiond\u00fail idir\u00a0<strong>\u20ac5,278<\/strong>\u00a0agus\u00a0<strong>\u20ac5,446<\/strong>\u00a0ag brath ar an \u00e1bhar agus ar l\u00edon na scripteanna a mharc\u00e1iltear.<\/p><p>Mar achoimre, gheobhaidh scr\u00fadaitheoir\u00ed:<\/p><ul><li>T\u00e1ille riarach\u00e1in de \u20ac261.75<\/li><li>T\u00e1ille comhdh\u00e1la marc\u00e1la de \u20ac261.75<strong> (m\u00e1s bainteach)<\/strong><\/li><li>An t\u00e1ille socruithe leasaithe de \u20ac261.75 i gc\u00e1s na comhdh\u00e1la marc\u00e1la digit\u00ed\u00a0<strong>(m\u00e1s bainteach)<\/strong><\/li><li>T\u00e1ill\u00ed scripte a bhaineann le h\u00e1bhair ar leith. An r\u00e1ta do gach script a bhaineann le h\u00e1bhair ar leith at\u00e1 \u00e9ags\u00fail ag brath ar chastacht an scr\u00fadaithe agus an t-am a ghlacann s\u00e9 gach script a mharc\u00e1il<\/li><li>3% \u00f3n gComhaont\u00fa Ag Dul \u00f3 Neart go Neart a chuirtear lena bhfuil thuas<\/li><li>\u20ac6 sa bhreis do gach script a mharc\u00e1iltear go s\u00e1s\u00fail ag an Ardteistim\u00e9ireacht<\/li><li>\u20ac3 sa bhreis do gach script a mharc\u00e1iltear go s\u00e1s\u00fail ag an tSraith Sh\u00f3isearach<\/li><li>R\u00e1ta\u00ed scripte n\u00edos airde do scripteanna breise a mharc\u00e1iltear os cionn na tairs\u00ed d\u2019\u00e1bhair ar leith\u00a0<strong>(m\u00e1s bainteach)<\/strong><\/li><li>Le haghaidh 2026, t\u00e1thar ag lean\u00faint ar aghaidh leis an \u00cdoca\u00edocht Dreasachta um Earca\u00edocht agus Choinne\u00e1il de \u20ac900 le haghaidh Scr\u00fadaitheoir\u00ed na hArdteistim\u00e9ireachta agus \u20ac700 le haghaidh Scr\u00fadaitheoir\u00ed na Sraithe S\u00f3iseara\u00ed ar bhonn aonair.<\/li><\/ul><p>Tabharfar tuilleadh mionsonra\u00ed duit nuair a cheaptar th\u00fa.<\/p><h3><strong>Achoimre ar R\u00e1ta \u00cdoca\u00edochta do Scr\u00fadaitheoir\u00ed Scr\u00edofa\u00a0don\u00a0Ardteistim\u00e9ireacht Fheidhmeach<\/strong><\/h3><p>Mar achoimre, gheobhaidh scr\u00fadaitheoir\u00ed:<\/p><ul><li>T\u00e1ille riarach\u00e1in de \u20ac261.75<\/li><li>T\u00e1ille comhdh\u00e1la marc\u00e1la de \u20ac261.75<strong> (m\u00e1s bainteach)<\/strong><\/li><li>An t\u00e1ille socruithe leasaithe de \u20ac261.75i gc\u00e1s na comhdh\u00e1la marc\u00e1la digit\u00ed\u00a0<strong>(m\u00e1s bainteach)<\/strong><\/li><li>T\u00e1ill\u00ed scripte a bhaineann le h\u00e1bhair ar leith. An r\u00e1ta do gach script a bhaineann le h\u00e1bhair ar leith at\u00e1 \u00e9ags\u00fail ag brath ar chastacht an scr\u00fadaithe agus an t-am a ghlacann s\u00e9 gach script a mharc\u00e1il<\/li><li>3% \u00f3n gComhaont\u00fa Ag Dul \u00f3 Neart go Neart a chuirtear lena bhfuil thuas<\/li><li>\u20ac6 sa bhreis do gach script a mharc\u00e1iltear go s\u00e1s\u00fail<\/li><li>R\u00e1ta\u00ed scripte n\u00edos airde do scripteanna breise a mharc\u00e1iltear os cionn na tairs\u00ed d\u2019\u00e1bhair ar leith\u00a0<strong>(m\u00e1s bainteach)<\/strong><\/li><li>Don bhliain 2026, t\u00e1 an\u00a0\u00a0\u00cdoca\u00edocht Dreasachta Earca\u00edochta agus Coinne\u00e1la de \u20ac900 le haghaidh Scr\u00fadaitheoir\u00ed na hArdteistim\u00e9ireachta Feidhm\u00ed.<\/li><\/ul><p>Tabharfar tuilleadh mionsonra\u00ed duit nuair a cheaptar th\u00fa.<\/p><h3><strong>Achoimre ar R\u00e1ta \u00cdoca\u00edochta do Scr\u00fadaitheoir\u00ed B\u00e9altrialacha don Ardteistim\u00e9ireacht<\/strong><\/h3><p>T\u00e1 na r\u00e1ta\u00ed p\u00e1 do scr\u00fadaitheoir\u00ed b\u00e9altrialacha 2026 mar a leanas. Iniata sna r\u00e1ta\u00ed seo t\u00e1 an \u20ac6 in aghaidh na scripte \/teiste a ceada\u00edodh ar dt\u00fas in 2022 agus pr\u00e9imh c. \u20ac11 de bharr na dtrialacha a re\u00e1cht\u00e1il am C\u00e1sca.<\/p><ul><li><strong>Gaeilge na hArdteistim\u00e9ireachta Bonnleibh\u00e9al<\/strong>\u00a0\u2013 \u20ac21.95 in aghaidh an iarrth\u00f3ra (2019 r\u00e1ta \u20ac7.00)<\/li><li><strong>Gach B\u00e9altriail eile<\/strong>\u00a0\u2013 \u20ac29.41 in aghaidh an iarrth\u00f3ra (2019 r\u00e1ta \u20ac9.38)<\/li><li><strong>T\u00e1ille don Socr\u00fa Athbhreithnithe :<\/strong>\u00a0\u20ac261.75 in aghaidh ceap\u00fach\u00e1in (2019 r\u00e1ta n\/a)<\/li><\/ul><p>Faigheann scr\u00fadaitheoir\u00ed speansais thaistil freisin agus li\u00fantais chothaithe chomh maith leis an m\u00e9id thuas<\/p><h3><strong>Achoimre ar R\u00e1ta \u00cdoca\u00edochta do Cheannfoirt<\/strong><\/h3><ul><li>R\u00e1ta Laeth\u00fail an Cheannfoirt: \u20ac142.15<\/li><li>R\u00e1ta D\u00e1ilte Ceannfoirt (Laethanta D\u00e1ileach\u00e1in): \u20ac355.35<\/li><\/ul><h3>Achoimre ar R\u00e1ta \u00cdoca\u00edochta do Bhail\u00edocht\u00f3ir\u00ed Chl\u00e1ir L1 L2 na Sraithe Sinseara\u00ed<\/h3><p><strong>Is iad seo a leanas na r\u00e1ta\u00ed p\u00e1 do Bhail\u00edocht\u00f3ir\u00ed SC L1 L2 do 2026:<\/strong><\/p><ul><li>T\u00e1ille bhun\u00fasach an bhail\u00edocht\u00f3ra \u20ac1,308.75 (5 l\u00e1, cuairteanna ar scoileanna agus tuairisici\u00fa san \u00e1ireamh)<\/li><li>T\u00e1ille riarach\u00e1in \u20ac261.75<\/li><li>T\u00e1ille Comhdh\u00e1la Oili\u00fana (D\u00e9 Sathairn &#8211; am t\u00e9arma) \u20ac261.75<\/li><li><span style=\"font-size: inherit;\">Costais taistil agus chothaithe chu\u00ed ar feadh na tr\u00e9imhse bail\u00edochtaithe chomh maith le freastal ar an gcomhdh\u00e1il oili\u00fana.<\/span><\/li><\/ul><p>\u00cdocfar aon l\u00e1 breise a dh\u00e9anfaidh Bail\u00edocht\u00f3ir ar iarratas \u00f3 CSS ag an r\u00e1ta riarach\u00e1in \u20ac261.75 in aghaidh an lae.<\/p><p>Cuirfear tuilleadh sonra\u00ed ar f\u00e1il do na bail\u00edocht\u00f3ir\u00ed ceaptha.<\/p><h3><strong>Taisteal agus Cothabh\u00e1il<\/strong><\/h3><p>\u00cdoctar taisteal agus cothabh\u00e1il i gcomhr\u00e9ir le r\u00e1ta\u00ed reatha Taistil &amp; Cothabh\u00e1la na Roinne Caiteachais Phoibl\u00ed &amp; Athch\u00f3irithe.<\/p><h4><strong>R\u00e1ta\u00ed Taistil agus Cothabh\u00e1la na Foirne at\u00e1 ar Conradh 2026<\/strong><\/h4><p>T\u00e1 an r\u00e1ta taistil agus cothabh\u00e1la i bhfeidhm \u00f3 29 Ean\u00e1ir 2025 mar seo a leanas:<\/p><p><strong>Teidl\u00edochta\u00ed \u00edoca\u00edochta m\u00e1 t\u00e1 an m\u00edle\u00e1iste n\u00edos l\u00fa n\u00e1 100km go dt\u00ed an ionad\/Scoil\/Comhdh\u00e1il an Scr\u00fadaithe<\/strong><\/p><p>Is de r\u00e9ir fhad an turais idir an baile agus an t-ionad n\u00f3 na hionaid ina gceaptar duine n\u00f3 de r\u00e9ir fhad an turais idir an cheanncheathr\u00fa agus an t-ionad n\u00f3 na hionaid ina gceaptar duine,cib\u00e9 acu is giorra, a r\u00edomhtar na costais taistil agus na li\u00fantais chothabh\u00e1la a \u00edocfar. I gc\u00e1s m\u00fainteoir\u00ed nach bhfuil ag f\u00f3namh, is de r\u00e9ir sheoladh an bhaile a dh\u00e9anfar iad a r\u00edomh<\/p><ul><li>R\u00e1ta Lae Cothabh\u00e1la (5-10 n-uair an chloig &amp; 8 km \u00f3n teach): \u20ac19.25<\/li><li>R\u00e1ta Lae Fhada Cothabh\u00e1la (10 n-uair an chloig n\u00f3 n\u00edos m\u00f3): \u20ac46.17<\/li><\/ul><p><strong>Teidl\u00edochta\u00ed \u00edoca\u00edochta m\u00e1 t\u00e1 an m\u00edle\u00e1iste n\u00edos m\u00f3 n\u00e1 100km go dt\u00ed an ionad\/Scoil\/Comhdh\u00e1il an Scr\u00fadaithe<\/strong><\/p><p>Is de r\u00e9ir fhad an turais idir an baile agus an t-ionad n\u00f3 na hionaid ina gceaptar duine n\u00f3 de r\u00e9ir fhad an turais idir an cheanncheathr\u00fa agus an t-ionad n\u00f3 na hionaid ina gceaptar duine,cib\u00e9 acu is giorra, a r\u00edomhtar na costais taistil agus na li\u00fantais chothabh\u00e1la a \u00edocfar. I gc\u00e1s m\u00fainteoir\u00ed nach bhfuil ag f\u00f3namh, is de r\u00e9ir sheoladh an bhaile a dh\u00e9anfar iad a r\u00edomh<\/p><ul><li>M\u00edle\u00e1iste in aghaidh an Lae: t\u00e1 r\u00e1ta\u00ed m\u00edle\u00e1iste na RCPA i bhfeidhm.<\/li><li>R\u00e1ta Lae Cothabh\u00e1la (5-10 n-uair an chloig &amp; 8 km \u00f3n teach): \u20ac19.25<\/li><li>R\u00e1ta Lae Fhada Cothabh\u00e1la (10 n-uair an chloig n\u00f3 n\u00edos m\u00f3): \u20ac46.17<\/li><li>R\u00e1ta thar o\u00edche (24 uair an chloig): \u20ac205.53<\/li><\/ul><p><strong>R\u00e1ta L\u00f3ist\u00edn Dearbhaithe (LD) Bhaile \u00c1tha Cliath<\/strong><\/p><ul><li>Fanfaidh an R\u00e1ta L\u00f3ist\u00edn Dearbhaithe mar na costais dhearbhaithe den l\u00f3ist\u00edn suas go dt\u00ed teorainn den r\u00e1ta caighde\u00e1nach thar o\u00edche (\u20ac205.53) m\u00f3ide \u20ac46.17 (2 bh\u00e9ile \u2013 R\u00e1ta 10 nUair an Chloig).<\/li><li>N\u00ed m\u00f3r do chostais l\u00f3ist\u00edn agus an r\u00e1ta LD \u00e1 \u00e9ileamh a bheith dearbhaithe.<\/li><\/ul><p><\/p>\t\t\t\t\t\t\t\t<\/div>\n\t\t\t\t<\/div>\n\t\t\t\t<div class=\"elementor-element elementor-element-fe10469 elementor-widget-divider--view-line elementor-widget elementor-widget-divider\" data-id=\"fe10469\" data-element_type=\"widget\" data-e-type=\"widget\" data-widget_type=\"divider.default\">\n\t\t\t\t<div class=\"elementor-widget-container\">\n\t\t\t\t\t\t\t<div class=\"elementor-divider\">\n\t\t\t<span class=\"elementor-divider-separator\">\n\t\t\t\t\t\t<\/span>\n\t\t<\/div>\n\t\t\t\t\t\t<\/div>\n\t\t\t\t<\/div>\n\t\t\t\t\t<\/div>\n\t\t<\/div>\n\t\t\t\t\t<\/div>\n\t\t<\/section>\n\t\t\t\t<\/div>","protected":false},"excerpt":{"rendered":"","protected":false},"author":1,"featured_media":0,"parent":0,"menu_order":0,"comment_status":"closed","ping_status":"closed","template":"","meta":{"footnotes":""},"class_list":["post-188","page","type-page","status-publish"],"_links":{"self":[{"href":"https:\/\/secexaminer.ie\/ir\/wp-json\/wp\/v2\/pages\/188","targetHints":{"allow":["GET"]}}],"collection":[{"href":"https:\/\/secexaminer.ie\/ir\/wp-json\/wp\/v2\/pages"}],"about":[{"href":"https:\/\/secexaminer.ie\/ir\/wp-json\/wp\/v2\/types\/page"}],"author":[{"embeddable":true,"href":"https:\/\/secexaminer.ie\/ir\/wp-json\/wp\/v2\/users\/1"}],"replies":[{"embeddable":true,"href":"https:\/\/secexaminer.ie\/ir\/wp-json\/wp\/v2\/comments?post=188"}],"version-history":[{"count":0,"href":"https:\/\/secexaminer.ie\/ir\/wp-json\/wp\/v2\/pages\/188\/revisions"}],"wp:attachment":[{"href":"https:\/\/secexaminer.ie\/ir\/wp-json\/wp\/v2\/media?parent=188"}],"curies":[{"name":"wp","href":"https:\/\/api.w.org\/{rel}","templated":true}]}}