{"id":474,"date":"2023-02-27T13:12:28","date_gmt":"2023-02-27T13:12:28","guid":{"rendered":"http:\/\/safe-orca.flywheelsites.com\/?page_id=474"},"modified":"2026-01-15T14:16:28","modified_gmt":"2026-01-15T14:16:28","slug":"thank-you","status":"publish","type":"page","link":"https:\/\/secexaminer.ie\/ir\/thank-you\/","title":{"rendered":"Go raibh maith agat"},"content":{"rendered":"<div data-elementor-type=\"wp-page\" data-elementor-id=\"474\" class=\"elementor elementor-474\" data-elementor-post-type=\"page\">\n\t\t\t\t\t\t<section class=\"elementor-section elementor-top-section elementor-element elementor-element-2d450f3 elementor-section-boxed elementor-section-height-default elementor-section-height-default\" data-id=\"2d450f3\" data-element_type=\"section\" data-e-type=\"section\">\n\t\t\t\t\t\t<div class=\"elementor-container elementor-column-gap-default\">\n\t\t\t\t\t<div class=\"elementor-column elementor-col-100 elementor-top-column elementor-element elementor-element-f50169d\" data-id=\"f50169d\" data-element_type=\"column\" data-e-type=\"column\">\n\t\t\t<div class=\"elementor-widget-wrap elementor-element-populated\">\n\t\t\t\t\t\t<div class=\"elementor-element elementor-element-d48c69c elementor-widget elementor-widget-heading\" data-id=\"d48c69c\" data-element_type=\"widget\" data-e-type=\"widget\" data-widget_type=\"heading.default\">\n\t\t\t\t<div class=\"elementor-widget-container\">\n\t\t\t\t\t<h1 class=\"elementor-heading-title elementor-size-default\">Go raibh maith agat<\/h1>\t\t\t\t<\/div>\n\t\t\t\t<\/div>\n\t\t\t\t<div class=\"elementor-element elementor-element-3982380 elementor-widget-divider--view-line elementor-widget elementor-widget-divider\" data-id=\"3982380\" data-element_type=\"widget\" data-e-type=\"widget\" data-widget_type=\"divider.default\">\n\t\t\t\t<div class=\"elementor-widget-container\">\n\t\t\t\t\t\t\t<div class=\"elementor-divider\">\n\t\t\t<span class=\"elementor-divider-separator\">\n\t\t\t\t\t\t<\/span>\n\t\t<\/div>\n\t\t\t\t\t\t<\/div>\n\t\t\t\t<\/div>\n\t\t\t\t\t<\/div>\n\t\t<\/div>\n\t\t\t\t\t<\/div>\n\t\t<\/section>\n\t\t\t\t<section class=\"elementor-section elementor-top-section elementor-element elementor-element-5282d813 elementor-section-boxed elementor-section-height-default elementor-section-height-default\" data-id=\"5282d813\" data-element_type=\"section\" data-e-type=\"section\">\n\t\t\t\t\t\t<div class=\"elementor-container elementor-column-gap-default\">\n\t\t\t\t\t<div class=\"elementor-column elementor-col-100 elementor-top-column elementor-element elementor-element-fbe27c8\" data-id=\"fbe27c8\" data-element_type=\"column\" data-e-type=\"column\">\n\t\t\t<div class=\"elementor-widget-wrap elementor-element-populated\">\n\t\t\t\t\t\t<div class=\"elementor-element elementor-element-3f29d4b5 elementor-widget elementor-widget-text-editor\" data-id=\"3f29d4b5\" data-element_type=\"widget\" data-e-type=\"widget\" data-widget_type=\"text-editor.default\">\n\t\t\t\t<div class=\"elementor-widget-container\">\n\t\t\t\t\t\t\t\t\t<p >Thank you for registering your interest as a written examiner for 2026.<\/p>\n<p >Eis\u00edodh r\u00edomhphost Deimhnithe freisin go dt\u00ed an seoladh r\u00edomhphoist a chuir t\u00fa isteach<\/p>\n<p ><a href=\"https:\/\/secexaminer.ie\/ir\/forms\/\">Clice\u00e1il anseo le haghaidh liosta ioml\u00e1n na bhfoirmeacha iarratais<\/a><\/p>\n<p><!-- \/wp:paragraph --><\/p>\t\t\t\t\t\t\t\t<\/div>\n\t\t\t\t<\/div>\n\t\t\t\t<div class=\"elementor-element elementor-element-c3a8ac2 elementor-widget elementor-widget-heading\" data-id=\"c3a8ac2\" data-element_type=\"widget\" data-e-type=\"widget\" data-widget_type=\"heading.default\">\n\t\t\t\t<div class=\"elementor-widget-container\">\n\t\t\t\t\t<h1 class=\"elementor-heading-title elementor-size-default\">Go raibh maith agat<\/h1>\t\t\t\t<\/div>\n\t\t\t\t<\/div>\n\t\t\t\t<div class=\"elementor-element elementor-element-e952677 elementor-widget elementor-widget-text-editor\" data-id=\"e952677\" data-element_type=\"widget\" data-e-type=\"widget\" data-widget_type=\"text-editor.default\">\n\t\t\t\t<div class=\"elementor-widget-container\">\n\t\t\t\t\t\t\t\t\t<p><!-- wp:paragraph --><!-- \/wp:paragraph --><!-- wp:paragraph --><\/p>\n<p>Go raibh maith agat as do sp\u00e9is a chl\u00e1r\u00fa mar scr\u00fadaitheoir scr\u00edofa<\/p>\n<p>Eis\u00edodh r\u00edomhphost Deimhnithe freisin go dt\u00ed an seoladh r\u00edomhphoist a chuir t\u00fa isteach<\/p>\n<p style=\"font-weight: 400;\"><a href=\"https:\/\/secexaminer.ie\/ir\/forms\/\"><span lang=\"EN-US\"> Clice\u00e1il anseo le haghaidh liosta ioml\u00e1n na bhfoirmeacha iarratais <\/span><\/a><\/p>\n<p><!-- \/wp:paragraph --><\/p>\t\t\t\t\t\t\t\t<\/div>\n\t\t\t\t<\/div>\n\t\t\t\t<div class=\"elementor-element elementor-element-013a5cd elementor-widget-divider--view-line elementor-widget elementor-widget-divider\" data-id=\"013a5cd\" data-element_type=\"widget\" data-e-type=\"widget\" data-widget_type=\"divider.default\">\n\t\t\t\t<div class=\"elementor-widget-container\">\n\t\t\t\t\t\t\t<div class=\"elementor-divider\">\n\t\t\t<span class=\"elementor-divider-separator\">\n\t\t\t\t\t\t<\/span>\n\t\t<\/div>\n\t\t\t\t\t\t<\/div>\n\t\t\t\t<\/div>\n\t\t\t\t\t<\/div>\n\t\t<\/div>\n\t\t\t\t\t<\/div>\n\t\t<\/section>\n\t\t\t\t<\/div>","protected":false},"excerpt":{"rendered":"<p>Thank you for registering your interest as a written examiner for 2026. A Confirmation email \u00a0has also been issued to the email address you submitted . Click here for a full listing of the application forms. Go raibh maith agat Go raibh maith agat as do sp\u00e9is a chl\u00e1r\u00fa mar scr\u00fadaitheoir scr\u00edofa Eis\u00edodh r\u00edomhphost Deimhnithe &#8230; <a title=\"Go raibh maith agat\" class=\"read-more\" href=\"https:\/\/secexaminer.ie\/ir\/thank-you\/\" aria-label=\"Read more about Thank You\">Read more<\/a><\/p>","protected":false},"author":1,"featured_media":0,"parent":0,"menu_order":0,"comment_status":"closed","ping_status":"closed","template":"","meta":{"footnotes":""},"class_list":["post-474","page","type-page","status-publish"],"_links":{"self":[{"href":"https:\/\/secexaminer.ie\/ir\/wp-json\/wp\/v2\/pages\/474","targetHints":{"allow":["GET"]}}],"collection":[{"href":"https:\/\/secexaminer.ie\/ir\/wp-json\/wp\/v2\/pages"}],"about":[{"href":"https:\/\/secexaminer.ie\/ir\/wp-json\/wp\/v2\/types\/page"}],"author":[{"embeddable":true,"href":"https:\/\/secexaminer.ie\/ir\/wp-json\/wp\/v2\/users\/1"}],"replies":[{"embeddable":true,"href":"https:\/\/secexaminer.ie\/ir\/wp-json\/wp\/v2\/comments?post=474"}],"version-history":[{"count":0,"href":"https:\/\/secexaminer.ie\/ir\/wp-json\/wp\/v2\/pages\/474\/revisions"}],"wp:attachment":[{"href":"https:\/\/secexaminer.ie\/ir\/wp-json\/wp\/v2\/media?parent=474"}],"curies":[{"name":"wp","href":"https:\/\/api.w.org\/{rel}","templated":true}]}}