{"id":482,"date":"2023-02-27T15:25:10","date_gmt":"2023-02-27T15:25:10","guid":{"rendered":"http:\/\/safe-orca.flywheelsites.com\/?page_id=482"},"modified":"2026-01-27T16:30:23","modified_gmt":"2026-01-27T16:30:23","slug":"online-marking","status":"publish","type":"page","link":"https:\/\/secexaminer.ie\/ir\/online-marking\/","title":{"rendered":"MARC\u00c1IL AR L\u00cdNE"},"content":{"rendered":"<div data-elementor-type=\"wp-page\" data-elementor-id=\"482\" class=\"elementor elementor-482\" data-elementor-post-type=\"page\">\n\t\t\t\t\t\t<section class=\"elementor-section elementor-top-section elementor-element elementor-element-b149d6d elementor-section-boxed elementor-section-height-default elementor-section-height-default\" data-id=\"b149d6d\" data-element_type=\"section\" data-e-type=\"section\">\n\t\t\t\t\t\t<div class=\"elementor-container elementor-column-gap-default\">\n\t\t\t\t\t<div class=\"elementor-column elementor-col-100 elementor-top-column elementor-element elementor-element-dd54a35\" data-id=\"dd54a35\" data-element_type=\"column\" data-e-type=\"column\">\n\t\t\t<div class=\"elementor-widget-wrap elementor-element-populated\">\n\t\t\t\t\t\t<div class=\"elementor-element elementor-element-a136ab8 elementor-widget elementor-widget-heading\" data-id=\"a136ab8\" data-element_type=\"widget\" data-e-type=\"widget\" data-widget_type=\"heading.default\">\n\t\t\t\t<div class=\"elementor-widget-container\">\n\t\t\t\t\t<h1 class=\"elementor-heading-title elementor-size-default\">MARC\u00c1IL AR L\u00cdNE<\/h1>\t\t\t\t<\/div>\n\t\t\t\t<\/div>\n\t\t\t\t<div class=\"elementor-element elementor-element-ef409b1 elementor-widget-divider--view-line elementor-widget elementor-widget-divider\" data-id=\"ef409b1\" data-element_type=\"widget\" data-e-type=\"widget\" data-widget_type=\"divider.default\">\n\t\t\t\t<div class=\"elementor-widget-container\">\n\t\t\t\t\t\t\t<div class=\"elementor-divider\">\n\t\t\t<span class=\"elementor-divider-separator\">\n\t\t\t\t\t\t<\/span>\n\t\t<\/div>\n\t\t\t\t\t\t<\/div>\n\t\t\t\t<\/div>\n\t\t\t\t\t<\/div>\n\t\t<\/div>\n\t\t\t\t\t<\/div>\n\t\t<\/section>\n\t\t\t\t<section class=\"elementor-section elementor-top-section elementor-element elementor-element-1c9c195 elementor-section-boxed elementor-section-height-default elementor-section-height-default\" data-id=\"1c9c195\" data-element_type=\"section\" data-e-type=\"section\">\n\t\t\t\t\t\t<div class=\"elementor-container elementor-column-gap-default\">\n\t\t\t\t\t<div class=\"elementor-column elementor-col-100 elementor-top-column elementor-element elementor-element-c10a3c5\" data-id=\"c10a3c5\" data-element_type=\"column\" data-e-type=\"column\">\n\t\t\t<div class=\"elementor-widget-wrap elementor-element-populated\">\n\t\t\t\t\t\t<div class=\"elementor-element elementor-element-b8bd12f elementor-widget elementor-widget-text-editor\" data-id=\"b8bd12f\" data-element_type=\"widget\" data-e-type=\"widget\" data-widget_type=\"text-editor.default\">\n\t\t\t\t<div class=\"elementor-widget-container\">\n\t\t\t\t\t\t\t\t\t<p>T\u00e1 mionsonra\u00ed de na h\u00e1bhair scr\u00fadaithe scr\u00edofa a mharc\u00e1lfar ar l\u00edne san Ardteistim\u00e9ireacht, tSraith Sh\u00f3isearach agus Ardteistim\u00e9ireacht Feidhmh\u00ed, 2026, sa t\u00e1bla th\u00edos. Murar mharc\u00e1il t\u00fa ar l\u00edne roimhe seo, is f\u00e9idir linn a ghealladh duit go bhfuil an bogearra marc\u00e1la ar l\u00edne an-\u00e9asca le h\u00fas\u00e1id. Cuirfear oili\u00faint ioml\u00e1n ar f\u00e1il maidir le h\u00fas\u00e1id an ch\u00f3rais. T\u00e1 s\u00e9 r\u00e1ite acu si\u00fad a mharc\u00e1il ar l\u00edne agus ar p\u00e1ip\u00e9ar go bhfuil difr\u00edocht dhearfach d\u00e9anta ag an marc\u00e1il ar l\u00edne leis an bpr\u00f3iseas marc\u00e1la a chu\u00edch\u00f3iri\u00fa tr\u00ed chuid mh\u00f3r de na tascanna riarach\u00e1in a bhaint.<span class=\"Apple-converted-space\">\u00a0<\/span><\/p><p>I rith thr\u00e9imhse na marc\u00e1la, beidh ort rochtain a dh\u00e9anamh; ar r\u00edomhaire n\u00f3 ar r\u00edomhair gl\u00faine a bhfuil m\u00e9archl\u00e1r agus luch aige; ar nasc idirl\u00edn; agus ar luas Leathanbhanda de 2MB ar a laghad.<\/p>\t\t\t\t\t\t\t\t<\/div>\n\t\t\t\t<\/div>\n\t\t\t\t<div class=\"elementor-element elementor-element-67b1fd1 elementor-widget-divider--view-line elementor-widget elementor-widget-divider\" data-id=\"67b1fd1\" data-element_type=\"widget\" data-e-type=\"widget\" data-widget_type=\"divider.default\">\n\t\t\t\t<div class=\"elementor-widget-container\">\n\t\t\t\t\t\t\t<div class=\"elementor-divider\">\n\t\t\t<span class=\"elementor-divider-separator\">\n\t\t\t\t\t\t<\/span>\n\t\t<\/div>\n\t\t\t\t\t\t<\/div>\n\t\t\t\t<\/div>\n\t\t\t\t\t<\/div>\n\t\t<\/div>\n\t\t\t\t\t<\/div>\n\t\t<\/section>\n\t\t\t\t<section class=\"elementor-section elementor-top-section elementor-element elementor-element-7371b6f elementor-section-boxed elementor-section-height-default elementor-section-height-default\" data-id=\"7371b6f\" data-element_type=\"section\" data-e-type=\"section\">\n\t\t\t\t\t\t<div class=\"elementor-container elementor-column-gap-default\">\n\t\t\t\t\t<div class=\"elementor-column elementor-col-33 elementor-top-column elementor-element elementor-element-2bf7da1\" data-id=\"2bf7da1\" data-element_type=\"column\" data-e-type=\"column\">\n\t\t\t<div class=\"elementor-widget-wrap elementor-element-populated\">\n\t\t\t\t\t\t<div class=\"elementor-element elementor-element-46e560b elementor-widget elementor-widget-heading\" data-id=\"46e560b\" data-element_type=\"widget\" data-e-type=\"widget\" data-widget_type=\"heading.default\">\n\t\t\t\t<div class=\"elementor-widget-container\">\n\t\t\t\t\t<h4 class=\"elementor-heading-title elementor-size-default\">An Ardteistim\u00e9ireacht<\/h4>\t\t\t\t<\/div>\n\t\t\t\t<\/div>\n\t\t\t\t<div class=\"elementor-element elementor-element-191303c elementor-widget elementor-widget-text-editor\" data-id=\"191303c\" data-element_type=\"widget\" data-e-type=\"widget\" data-widget_type=\"text-editor.default\">\n\t\t\t\t<div class=\"elementor-widget-container\">\n\t\t\t\t\t\t\t\t\t<table cellspacing=\"0\" cellpadding=\"0\">\n<tbody>\n<tr>\n<td valign=\"top\">Gaeilge<\/td>\n<\/tr>\n<tr>\n<td valign=\"top\">B\u00e9arla<\/td>\n<\/tr>\n<tr>\n<td valign=\"top\">Matamaitic<\/td>\n<\/tr>\n<tr>\n<td valign=\"top\">Stair<\/td>\n<\/tr>\n<tr>\n<td valign=\"top\">T\u00edreola\u00edocht<\/td>\n<\/tr>\n<tr>\n<td valign=\"top\">L\u00e9ann Clasaiceach<\/td>\n<\/tr>\n<tr>\n<td valign=\"top\">Fraincis<\/td>\n<\/tr>\n<tr>\n<td valign=\"top\">Gearm\u00e1inis<\/td>\n<\/tr>\n<tr>\n<td valign=\"top\">Sp\u00e1innis<\/td>\n<\/tr>\n<tr>\n<td valign=\"top\">Eala\u00edn<\/td>\n<\/tr>\n<tr>\n<td valign=\"top\">Matamaitic Fheidhmeach<\/td>\n<\/tr>\n<tr>\n<td valign=\"top\">Fisic<\/td>\n<\/tr>\n<tr>\n<td valign=\"top\">Ceimic<\/td>\n<\/tr>\n<tr>\n<td valign=\"top\">Eola\u00edocht Talmha\u00edochta<\/td>\n<\/tr>\n<tr>\n<td valign=\"top\">Bitheola\u00edocht<\/td>\n<\/tr>\n<tr>\n<td valign=\"top\">Innealt\u00f3ireacht<\/td>\n<\/tr>\n<tr>\n<td valign=\"top\">C\u00fantasa\u00edocht<\/td>\n<\/tr>\n<tr>\n<td valign=\"top\">Gn\u00f3<\/td>\n<\/tr>\n<tr>\n<td valign=\"top\">Eacnama\u00edocht<\/td>\n<\/tr>\n<tr>\n<td valign=\"top\">Teicneola\u00edocht<\/td>\n<\/tr>\n<tr>\n<td valign=\"top\">Ceol<\/td>\n<\/tr>\n<tr>\n<td valign=\"top\">Eacnama\u00edocht Bhaile<\/td>\n<\/tr>\n<tr>\n<td valign=\"top\">Oideachas Reiligi\u00fanach<\/td>\n<\/tr>\n<tr>\n<td valign=\"top\">Corpoideahas<\/td>\n<\/tr>\n<tr>\n<td valign=\"top\">Link Modules (LCVP)<\/td>\n<\/tr>\n<tr>\n<td valign=\"top\">An Pholait\u00edocht agus an tSocha\u00ed<\/td>\n<\/tr>\n<tr>\n<td valign=\"top\">Seicis<\/td>\n<\/tr>\n<tr>\n<td valign=\"top\">Bulg\u00e1iris<\/td>\n<\/tr>\n<tr>\n<td valign=\"top\">Cr\u00f3itis<\/td>\n<\/tr>\n<tr>\n<td valign=\"top\">Danmhairgis<\/td>\n<\/tr>\n<tr>\n<td valign=\"top\">Ollainnis<\/td>\n<\/tr>\n<tr>\n<td valign=\"top\">East\u00f3inis<\/td>\n<\/tr>\n<tr>\n<td valign=\"top\">Fionlainnis<\/td>\n<\/tr>\n<tr>\n<td valign=\"top\">Ung\u00e1iris<\/td>\n<\/tr>\n<tr>\n<td valign=\"top\">Laitvis<\/td>\n<\/tr>\n<tr>\n<td valign=\"top\">M\u00e1ltais<\/td>\n<\/tr>\n<tr>\n<td valign=\"top\">Nua Gr\u00e9igis<\/td>\n<\/tr>\n<tr>\n<td valign=\"top\">Polainnis<\/td>\n<\/tr>\n<tr>\n<td valign=\"top\">R\u00f3m\u00e1inis<\/td>\n<\/tr>\n<tr>\n<td valign=\"top\">Sl\u00f3vaicis<\/td>\n<\/tr>\n<tr>\n<td valign=\"top\">Sl\u00f3iv\u00e9inis<\/td>\n<\/tr>\n<tr>\n<td valign=\"top\">Sualainnis<\/td>\n<\/tr>\n<tr>\n<td valign=\"top\">\u00dacr\u00e1inis<\/td>\n<\/tr>\n<\/tbody>\n<\/table>\t\t\t\t\t\t\t\t<\/div>\n\t\t\t\t<\/div>\n\t\t\t\t\t<\/div>\n\t\t<\/div>\n\t\t\t\t<div class=\"elementor-column elementor-col-33 elementor-top-column elementor-element elementor-element-2859236\" data-id=\"2859236\" data-element_type=\"column\" data-e-type=\"column\">\n\t\t\t<div class=\"elementor-widget-wrap elementor-element-populated\">\n\t\t\t\t\t\t<div class=\"elementor-element elementor-element-42c1ba7 elementor-widget elementor-widget-heading\" data-id=\"42c1ba7\" data-element_type=\"widget\" data-e-type=\"widget\" data-widget_type=\"heading.default\">\n\t\t\t\t<div class=\"elementor-widget-container\">\n\t\t\t\t\t<h4 class=\"elementor-heading-title elementor-size-default\">Ardteistim\u00e9ireachta Feidhm\u00ed<\/h4>\t\t\t\t<\/div>\n\t\t\t\t<\/div>\n\t\t\t\t<div class=\"elementor-element elementor-element-c02f375 elementor-widget elementor-widget-text-editor\" data-id=\"c02f375\" data-element_type=\"widget\" data-e-type=\"widget\" data-widget_type=\"text-editor.default\">\n\t\t\t\t<div class=\"elementor-widget-container\">\n\t\t\t\t\t\t\t\t\t<table cellspacing=\"0\" cellpadding=\"0\">\n<tbody>\n<tr>\n<td valign=\"top\">B\u00e9arla Agus Cumars\u00e1id<\/td>\n<\/tr>\n\n<tr>\n<td valign=\"top\">Staid\u00e9ar Grafaice Agus T\u00f3g\u00e1la<\/td>\n<\/tr>\n<tr>\n<td valign=\"top\">L\u00f3nad\u00f3ireacht \u00d3stain agus Turas\u00f3ireacht<\/td>\n<\/tr>\n<tr>\n<td valign=\"top\">Teicneola\u00edocht Faisn\u00e9ise &amp; Chumars\u00e1ide<\/td>\n<\/tr>\n<tr>\n<td valign=\"top\">Feidhmithe Matamaitici\u00fala<\/td>\n<\/tr>\n<tr>\n<td valign=\"top\">Tasc Athmhachnaimh Phearsanta<\/td>\n<\/tr>\n\n<\/tbody>\n<\/table>\t\t\t\t\t\t\t\t<\/div>\n\t\t\t\t<\/div>\n\t\t\t\t\t<\/div>\n\t\t<\/div>\n\t\t\t\t<div class=\"elementor-column elementor-col-33 elementor-top-column elementor-element elementor-element-585489a\" data-id=\"585489a\" data-element_type=\"column\" data-e-type=\"column\">\n\t\t\t<div class=\"elementor-widget-wrap elementor-element-populated\">\n\t\t\t\t\t\t<div class=\"elementor-element elementor-element-3f19880 elementor-widget elementor-widget-heading\" data-id=\"3f19880\" data-element_type=\"widget\" data-e-type=\"widget\" data-widget_type=\"heading.default\">\n\t\t\t\t<div class=\"elementor-widget-container\">\n\t\t\t\t\t<h4 class=\"elementor-heading-title elementor-size-default\">An tSraith Sh\u00f3isearach<\/h4>\t\t\t\t<\/div>\n\t\t\t\t<\/div>\n\t\t\t\t<div class=\"elementor-element elementor-element-22cdb1e elementor-widget elementor-widget-text-editor\" data-id=\"22cdb1e\" data-element_type=\"widget\" data-e-type=\"widget\" data-widget_type=\"text-editor.default\">\n\t\t\t\t<div class=\"elementor-widget-container\">\n\t\t\t\t\t\t\t\t\t<table cellspacing=\"0\" cellpadding=\"0\">\n<tbody>\n<tr>\n<td valign=\"top\">Gaeilge T1<\/td>\n<\/tr>\n<tr>\n<td valign=\"top\">Gaeilge T2<\/td>\n<\/tr>\n<tr>\n<td valign=\"top\">B\u00e9arla<\/td>\n<\/tr>\n<tr>\n<td valign=\"top\">Matamaitic<\/td>\n<\/tr>\n<tr>\n<td valign=\"top\">Stair<\/td>\n<\/tr>\n<tr>\n<td valign=\"top\">T\u00edreola\u00edocht<\/td>\n<\/tr>\n<tr>\n<td valign=\"top\">Fraincis<\/td>\n<\/tr>\n<tr>\n<td valign=\"top\">Gearm\u00e1inis<\/td>\n<\/tr>\n<tr>\n<td valign=\"top\">Sp\u00e1innis<\/td>\n<\/tr>\n<tr>\n<td valign=\"top\">Innealt\u00f3ireacht<\/td>\n<\/tr>\n<tr>\n<td valign=\"top\">Staid\u00e9ar Gn\u00f3<\/td>\n<\/tr>\n<tr>\n<td valign=\"top\">Ceol<\/td>\n<\/tr>\n<tr>\n<td valign=\"top\">Eacnama\u00edocht Bhaile<\/td>\n<\/tr>\n<tr>\n<td valign=\"top\">Eola\u00edocht<\/td>\n<\/tr>\n<tr>\n<td valign=\"top\">Teicneola\u00edocht Fheidhmeach<\/td>\n<\/tr>\n<tr>\n<td valign=\"top\">Teicneola\u00edocht Adhmaid<\/td>\n<\/tr>\n<tr>\n<td valign=\"top\">Oideachas Reiligi\u00fanach<\/td>\n<\/tr>\n<tr>\n<td valign=\"top\"> Na Clasaic\u00cd <\/td>\n<\/tr>\n<\/tbody>\n<\/table>\t\t\t\t\t\t\t\t<\/div>\n\t\t\t\t<\/div>\n\t\t\t\t\t<\/div>\n\t\t<\/div>\n\t\t\t\t\t<\/div>\n\t\t<\/section>\n\t\t\t\t<\/div>","protected":false},"excerpt":{"rendered":"<p>The written examination subjects that will be marked online in 2026 at Leaving Certificate, Junior Cycle and Leaving Certificate Applied are detailed in the table below. If you have not marked online before, we can assure you that the online marking software is very easy to use. Full training in the use of the system &#8230; <a title=\"MARC\u00c1IL AR L\u00cdNE\" class=\"read-more\" href=\"https:\/\/secexaminer.ie\/ir\/online-marking\/\" aria-label=\"Read more about Online Marking\">Read more<\/a><\/p>","protected":false},"author":1,"featured_media":0,"parent":0,"menu_order":0,"comment_status":"closed","ping_status":"closed","template":"","meta":{"footnotes":""},"class_list":["post-482","page","type-page","status-publish"],"_links":{"self":[{"href":"https:\/\/secexaminer.ie\/ir\/wp-json\/wp\/v2\/pages\/482","targetHints":{"allow":["GET"]}}],"collection":[{"href":"https:\/\/secexaminer.ie\/ir\/wp-json\/wp\/v2\/pages"}],"about":[{"href":"https:\/\/secexaminer.ie\/ir\/wp-json\/wp\/v2\/types\/page"}],"author":[{"embeddable":true,"href":"https:\/\/secexaminer.ie\/ir\/wp-json\/wp\/v2\/users\/1"}],"replies":[{"embeddable":true,"href":"https:\/\/secexaminer.ie\/ir\/wp-json\/wp\/v2\/comments?post=482"}],"version-history":[{"count":0,"href":"https:\/\/secexaminer.ie\/ir\/wp-json\/wp\/v2\/pages\/482\/revisions"}],"wp:attachment":[{"href":"https:\/\/secexaminer.ie\/ir\/wp-json\/wp\/v2\/media?parent=482"}],"curies":[{"name":"wp","href":"https:\/\/api.w.org\/{rel}","templated":true}]}}