{"id":800,"date":"2023-03-29T10:56:57","date_gmt":"2023-03-29T10:56:57","guid":{"rendered":"http:\/\/safe-orca.flywheelsites.com\/?page_id=800"},"modified":"2023-03-29T11:03:54","modified_gmt":"2023-03-29T11:03:54","slug":"contract-staff","status":"publish","type":"page","link":"https:\/\/secexaminer.ie\/ir\/contract-staff\/","title":{"rendered":"Eolas don Fhoireann ar Conradh"},"content":{"rendered":"<div data-elementor-type=\"wp-page\" data-elementor-id=\"800\" class=\"elementor elementor-800\" data-elementor-post-type=\"page\">\n\t\t\t\t\t\t<section class=\"elementor-section elementor-top-section elementor-element elementor-element-999d4ad elementor-section-boxed elementor-section-height-default elementor-section-height-default\" data-id=\"999d4ad\" data-element_type=\"section\" data-e-type=\"section\">\n\t\t\t\t\t\t<div class=\"elementor-container elementor-column-gap-default\">\n\t\t\t\t\t<div class=\"elementor-column elementor-col-100 elementor-top-column elementor-element elementor-element-db5177d\" data-id=\"db5177d\" data-element_type=\"column\" data-e-type=\"column\">\n\t\t\t<div class=\"elementor-widget-wrap elementor-element-populated\">\n\t\t\t\t\t\t<div class=\"elementor-element elementor-element-af8892b elementor-widget elementor-widget-heading\" data-id=\"af8892b\" data-element_type=\"widget\" data-e-type=\"widget\" data-widget_type=\"heading.default\">\n\t\t\t\t<div class=\"elementor-widget-container\">\n\t\t\t\t\t<h1 class=\"elementor-heading-title elementor-size-default\">Eolas don Fhoireann ar Conradh<\/h1>\t\t\t\t<\/div>\n\t\t\t\t<\/div>\n\t\t\t\t<div class=\"elementor-element elementor-element-85ac17f elementor-widget-divider--view-line elementor-widget elementor-widget-divider\" data-id=\"85ac17f\" data-element_type=\"widget\" data-e-type=\"widget\" data-widget_type=\"divider.default\">\n\t\t\t\t<div class=\"elementor-widget-container\">\n\t\t\t\t\t\t\t<div class=\"elementor-divider\">\n\t\t\t<span class=\"elementor-divider-separator\">\n\t\t\t\t\t\t<\/span>\n\t\t<\/div>\n\t\t\t\t\t\t<\/div>\n\t\t\t\t<\/div>\n\t\t\t\t<div class=\"elementor-element elementor-element-44cc4e3 elementor-widget elementor-widget-toggle\" data-id=\"44cc4e3\" data-element_type=\"widget\" data-e-type=\"widget\" data-widget_type=\"toggle.default\">\n\t\t\t\t<div class=\"elementor-widget-container\">\n\t\t\t\t\t\t\t<div class=\"elementor-toggle\">\n\t\t\t\t\t\t\t<div class=\"elementor-toggle-item\">\n\t\t\t\t\t<div id=\"elementor-tab-title-7211\" class=\"elementor-tab-title\" data-tab=\"1\" role=\"button\" aria-controls=\"elementor-tab-content-7211\" aria-expanded=\"false\">\n\t\t\t\t\t\t\t\t\t\t\t\t<span class=\"elementor-toggle-icon elementor-toggle-icon-right\" aria-hidden=\"true\">\n\t\t\t\t\t\t\t\t\t\t\t\t\t\t\t<span class=\"elementor-toggle-icon-closed\"><i class=\"fas fa-caret-right\"><\/i><\/span>\n\t\t\t\t\t\t\t\t<span class=\"elementor-toggle-icon-opened\"><i class=\"elementor-toggle-icon-opened fas fa-caret-up\"><\/i><\/span>\n\t\t\t\t\t\t\t\t\t\t\t\t\t<\/span>\n\t\t\t\t\t\t\t\t\t\t\t\t<a class=\"elementor-toggle-title\" tabindex=\"0\">Polasa\u00ed Ginear\u00e1lta maidir le scr\u00fadaitheoir\u00ed a cheapadh \u2013 tugtha suas chun d\u00e1ta i m\u00ed an Mh\u00e1rta 2022<\/a>\n\t\t\t\t\t<\/div>\n\n\t\t\t\t\t<div id=\"elementor-tab-content-7211\" class=\"elementor-tab-content elementor-clearfix\" data-tab=\"1\" role=\"region\" aria-labelledby=\"elementor-tab-title-7211\"><p>D\u00e9antar ceapach\u00e1in mar scr\u00fadaitheoir\u00ed chun b\u00e9altrialacha, obair ch\u00farsa agus scr\u00faduithe scr\u00edofa a mharc\u00e1il, ar bhonn an eolais a shol\u00e1thra\u00edonn na scr\u00fadaitheoir\u00ed ar an bhfoirmeacha iarratais, agus t\u00e1 s\u00e9 faoi r\u00e9ir dheimhni\u00fa chruinneas an eolais seo.<\/p>\n<p>Cuirfidh an Pr\u00edomhscr\u00fadaitheoir na gn\u00e9ithe seo a leanas san \u00e1ireamh nuair at\u00e1 iarratas\u00f3ir\u00ed oiri\u00fanacha \u00e1 moladh don ch\u00e9ad cheapach\u00e1n i bpost ar leith. D\u2019fh\u00e9adfadh c\u00e9 chomh t\u00e1bhachtach agus at\u00e1 na gn\u00e9ithe \u00e9ags\u00fala a bheith difri\u00fail \u00f3 \u00e1bhar go h\u00e1bhar agus is faoi rogha an Phr\u00edomhscr\u00fadaitheora \u00e9. N\u00ed g\u00e1 go gcuirfear ual\u00fa uimhri\u00fail i bhfeidhm ar na gn\u00e9ithe \u00e9ags\u00fala agus n\u00ed g\u00e1 go dtabharfaidh an Pr\u00edomhscr\u00fadaitheoir r\u00e1t\u00e1il faoi na ceannteidil \u00e9ags\u00fala. Ina l\u00e1n c\u00e1sanna, tabharfaidh an Pr\u00edomhscr\u00fadaitheoir breithi\u00fanas ioml\u00e1na\u00edoch ar na feidhmeanna bunaithe ar na gn\u00e9ithe th\u00edos. D\u2019fh\u00e9adfadh gn\u00e9ithe breise a bhaineann go saini\u00fail le h\u00e1bhar teacht chun cinn in \u00e1bhair \u00e1irithe. Ina theannta sin, d\u2019fh\u00e9adfa\u00ed t\u00fas \u00e1ite a thabhairt d\u2019iarratas\u00f3ir\u00ed at\u00e1 s\u00e1sta agus at\u00e1 in ann \u00e1bhar a mharc\u00e1il as Gaeilge.<\/p>\n<p>I gc\u00e1s scr\u00fadaitheoir\u00ed na mb\u00e9altrialacha, beidh ceapach\u00e1n na ndaoine sin n\u00e1r ghn\u00edomhaigh roimhe seo mar scr\u00fadaitheoir\u00ed b\u00e9altrialacha sa teanga \u00e1bhartha faoi r\u00e9ir agallaimh chun a dheimhni\u00fa go bhfuil leibh\u00e9al inni\u00falachta s\u00e1s\u00fail acu sa teanga chun an r\u00f3l a chomhl\u00edonadh.<\/p>\n<p>I gc\u00e1s na scr\u00faduithe scr\u00edofa, ar an dara scr\u00fad\u00fa agus ar scr\u00fad\u00fa ina dhiaidh sin d\u2019aon siollabas n\u00f3 sonra\u00edocht, agus sula nd\u00e9antar na hiarratais uile eile a mheas, tairgfear do na scr\u00fadaitheoir\u00ed a thug seirbh\u00eds sh\u00e1s\u00fail sa bhliain roimhe sin, a bheith athcheaptha sa phost c\u00e9anna, ach amh\u00e1in mura bhfuil d\u00f3thain post ar f\u00e1il chun \u00e9 seo a chead\u00fa.<\/p>\n<p>Glactar leis go gcialla\u00edonn an t\u00e9arma \u201csonra\u00edocht\u201d th\u00edos \u201csiollabas n\u00f3 sonra\u00edocht\u201d.<\/p>\n<h4>C\u00e1il\u00edochta\u00ed<\/h4>\n<ul>\n<li>Cl\u00e1riaithe leis an gComhairle Mh\u00fainteoireachta mar mh\u00fainteoir den \u00e1bhar at\u00e1 i gceist, n\u00f3 go bhfuil c\u00e1il\u00edocht aige\/aici at\u00e1 leordh\u00f3thanach d\u00e1 leith\u00e9id de chl\u00e1r\u00fa.<\/li>\n<li>C\u00e1il\u00edochta\u00ed breise (san \u00e1bhar n\u00f3 i gc\u00farsa\u00ed oideachais).<\/li>\n<\/ul>\n<p>Na iarratas\u00f3ir\u00ed a bhfuil an ch\u00e1il\u00edocht riachtanach acu san \u00e1bhar ach nach bhfuil c\u00e1ilithe mar mh\u00fainteoir\u00ed go f\u00f3ill, n\u00ed chuirfear iad san \u00e1ireamh ach amh\u00e1in m\u00e1 t\u00e1 fol\u00fantais f\u00f3s ann tar \u00e9is ceapach\u00e1n a thairiscint do na hiarratas\u00f3ir\u00ed uile at\u00e1 oiri\u00fanach agus l\u00e1nch\u00e1ilithe.<\/p>\n<h4>Taith\u00ed teagaisc \u00e1bhartha<\/h4>\n<p><i>Taith\u00ed teagaisc i scoil dara leibh\u00e9al aitheanta<\/i><\/p>\n<p>Breathn\u00f3far ar thaith\u00ed at\u00e1 faighte le d\u00e9ana\u00ed mar thaith\u00ed n\u00edos t\u00e1bhachta\u00ed n\u00e1 taith\u00ed nach bhfuil faighte le d\u00e9ana\u00ed. Tar \u00e9is deich mbliana de thaith\u00ed teagaisc chomhioml\u00e1n, n\u00ed chuirfear tuilleadh taith\u00ed san \u00e1ireamh. D\u00e9antar taith\u00ed \u00e1bhartha a chatag\u00f3iri\u00fa mar seo a leanas.<\/p>\n<ul>\n<li>Taith\u00ed ag teagasc na sonra\u00edochta at\u00e1 i gceist ag an leibh\u00e9al at\u00e1 i gceist<\/li>\n<li>Taith\u00ed ag teagasc na sonra\u00edochta at\u00e1 i gceist ag leibh\u00e9al eile (Ardleibh\u00e9al, Gn\u00e1thleibh\u00e9al, Bonnleibh\u00e9al)<\/li>\n<li>I gc\u00e1s sonra\u00edochta nua n\u00f3 sonra\u00edocht at\u00e1 ann le d\u00e9ana\u00ed, taith\u00ed ag teagasc na sonra\u00edochta roimhe seo ag an leibh\u00e9al at\u00e1 i gceist<\/li>\n<li>Taith\u00ed ag teagasc na sonra\u00edochta roimhe seo ag leibh\u00e9al eile<\/li>\n<li>Taith\u00ed ag teagasc an \u00e1bhair (n\u00f3 \u00e1bhar comhfhreagrach) ar chl\u00e1r eile (SS, AT, IB, ATF)<\/li>\n<li>Taith\u00ed ag teagasc an \u00e1bhair at\u00e1 i gceist ag an dara leibh\u00e9al i dt\u00edr eile (e.g., TGM (GCSE), A-leibh\u00e9al, BI (Baccalaur\u00e9at Idirn\u00e1isi\u00fanta))<\/li>\n<\/ul>\n<p><i>Taith\u00ed teagaisc lasmuigh de scoil dara leibh\u00e9al aitheanta<\/i><\/p>\n<p>Aon cheann eile a cheapann an t-iarratas\u00f3ir a bheith \u00e1bhartha \u2013 tr\u00ed\u00fa leibh\u00e9al, bunscoil, teagasc pr\u00edobh\u00e1ideach (gr\u00fapa n\u00f3 aonair), in \u00c9irinn n\u00f3 thar lear.<\/p>\n<p>B\u2019fh\u00e9idir go mbeidh g\u00e1 \u00f3 am go ham leis na crit\u00e9ir seo a athr\u00fa chun an n\u00e1d\u00far agus na riachtanais mheas\u00fanaithe den chomhph\u00e1irt a l\u00e9iri\u00fa a bhfuil scr\u00fadaitheoir\u00ed \u00e1 gceapadh le meas\u00fan\u00fa a dh\u00e9anamh orthu.<\/p>\n<h4>Taith\u00ed \u00e1bhartha mar scr\u00fadaitheoir<\/h4>\n<p>Breathn\u00f3far ar thaith\u00ed at\u00e1 faighte le d\u00e9ana\u00ed mar thaith\u00ed n\u00edos t\u00e1bhachta\u00ed n\u00e1 taith\u00ed nach bhfuil faighte le d\u00e9ana\u00ed. D\u00e9antar taith\u00ed \u00e1bhartha a chatag\u00f3iri\u00fa mar seo a leanas.<\/p>\n<p><i>Seirbh\u00eds sh\u00e1s\u00fail mar scr\u00fadaitheoir don CSS<\/i><\/p>\n<ul>\n<li>Seirbh\u00eds sh\u00e1s\u00fail mar scr\u00fadaitheoir ar an tsonra\u00edocht at\u00e1 i gceist ag an leibh\u00e9al at\u00e1 i gceist (n\u00ed bhaineann s\u00e9 seo i gc\u00e1s sonra\u00edochta nua)<\/li>\n<li>I gc\u00e1s sonra\u00edochta nua n\u00f3 sonra\u00edocht at\u00e1 ann le d\u00e9ana\u00ed, seirbh\u00eds sh\u00e1s\u00fail mar scr\u00fadaitheoir ar an tsonra\u00edocht roimhe seo ag an leibh\u00e9al at\u00e1 i gceist<\/li>\n<li>Seirbh\u00eds sh\u00e1s\u00fail mar scr\u00fadaitheoir ar an \u00e1bhar at\u00e1 i gceist ag leibh\u00e9al eile ar an gcl\u00e1r c\u00e9anna<\/li>\n<li>Seirbh\u00eds sh\u00e1s\u00fail mar scr\u00fadaitheoir ar an \u00e1bhar c\u00e9anna n\u00f3 ar \u00e1bhar comhfhreagrach ar chl\u00e1r eile<\/li>\n<\/ul>\n<p><i>Taith\u00ed mar scr\u00fadaitheoir do bhoird scr\u00fadaithe eile seachas an CSS<\/i><\/p>\n<p>Ina n-\u00e1ir\u00edtear boird st\u00e1it agus boird at\u00e1 comhcheangailte le Comhchomhairle na gC\u00e1il\u00edochta\u00ed (JCQ); nach n-\u00e1ir\u00edtear, mar shampla, sol\u00e1thraithe br\u00e9agscr\u00fadaithe.<\/p>\n<ul>\n<li>Taith\u00ed mar scr\u00fadaitheoir ar an \u00e1bhar at\u00e1 i gceist ag leibh\u00e9al \u00edseal n\u00f3 ard me\u00e1nscoile (e.g. TGM n\u00f3 A-leibh\u00e9al)<\/li>\n<li>Taith\u00ed mar scr\u00fadaitheoir ar \u00e1bhar ar bith eile ag leibh\u00e9al \u00edseal n\u00f3 ard me\u00e1nscoile<\/li>\n<\/ul>\n<p><i>Eile<\/i><\/p>\n<ul>\n<li>Aon cheann eile a cheapann an t-iarratas\u00f3ir a bheith \u00e1bhartha<\/li>\n<\/ul>\n<h4>Crit\u00e9ir bhreise do phoist mhaoirseachta<\/h4>\n<p>Iarratas\u00f3ir\u00ed at\u00e1 \u00e1 gcur san \u00e1ireamh le bheith ceaptha mar scr\u00fadaitheoir comhairleach (COMH), mar scr\u00fadaitheoir comhairleach sinsearach (SCS), n\u00f3 mar phr\u00edomhscr\u00fadaitheoir comhairleach (PSC), d\u00e9anfar iad a mheas ar an mbonn c\u00e9anna le hiarratais le haghaidh post scr\u00fad\u00fach\u00e1in eile. Nuair a fhaightear amach go bhfuil siad i measc na bu\u00edne d\u2019iarratas\u00f3ir\u00ed oiri\u00fanacha le haghaidh post scr\u00fad\u00fach\u00e1in, cuirfidh an Pr\u00edomhscr\u00fadaitheoir an t-eolas seo a leanas san \u00e1ireamh agus \u00e9\/\u00ed ag roghn\u00fa iad si\u00fad at\u00e1 le moladh le bheith ceaptha i bpoist mhaoirseachta.<\/p>\n<ul>\n<li>Scileanna \u00e1bhartha, mar at\u00e1 l\u00e9irithe tr\u00ed ch\u00e1il\u00edocht na feidhm\u00edochta roimhe seo mar scr\u00fadaitheoir, mar at\u00e1 catag\u00f3irithe thuas<\/li>\n<li>C\u00e1il\u00edocht na feidhm\u00edochta roimhe seo mar COMH, SCS, n\u00f3 PSC san \u00e1bhar at\u00e1 i gceist ag leibh\u00e9al ar bith<\/li>\n<li>C\u00e1il\u00edocht na feidhm\u00edochta roimhe seo mar COMH, SCS, n\u00f3 PSC in aon \u00e1bhar eile ag leibh\u00e9al ar bith<\/li>\n<li>Taith\u00ed mar scr\u00fadaitheoir ar an \u00e1bhar at\u00e1 i gceist i gcumas maoirseachta do bhord scr\u00fadaithe eile seachas an CSS, ag leibh\u00e9al \u00edseal n\u00f3 ard me\u00e1nscoile (e.g., ceannaire foirne do scr\u00faduithe TGM n\u00f3 A-leibh\u00e9al)<\/li>\n<\/ul>\n<p>I gc\u00e1s na scr\u00faduithe nua, ina bhfuil foirne nua ioml\u00e1na cruthaithe i gceist, iarrfar ar iarratas\u00f3ir\u00ed do na poist scr\u00fad\u00fach\u00e1in na poist ar mian leo go gcuirfear iad san \u00e1ireamh a lua. I gc\u00e1s aon scr\u00fadaithe ina bhfuil uath-thairiscint\u00ed athcheapach\u00e1in i gceist, cuirfear na scr\u00fadaitheoir\u00ed uile a mheastar a bheith oiri\u00fanach le hathcheapadh, san \u00e1ireamh go huathoibr\u00edoch le bheith ceaptha i bhfol\u00fantais ag leibh\u00e9al maoirseachta sa r\u00e9imse \u00e1bhair c\u00e9anna.<\/p><\/div>\n\t\t\t\t<\/div>\n\t\t\t\t\t\t\t\t<\/div>\n\t\t\t\t\t\t<\/div>\n\t\t\t\t<\/div>\n\t\t\t\t\t<\/div>\n\t\t<\/div>\n\t\t\t\t\t<\/div>\n\t\t<\/section>\n\t\t\t\t<section class=\"elementor-section elementor-top-section elementor-element elementor-element-3f2e814 elementor-section-boxed elementor-section-height-default elementor-section-height-default\" data-id=\"3f2e814\" data-element_type=\"section\" data-e-type=\"section\">\n\t\t\t\t\t\t<div class=\"elementor-container elementor-column-gap-default\">\n\t\t\t\t\t<div class=\"elementor-column elementor-col-100 elementor-top-column elementor-element elementor-element-0cc6fe9\" data-id=\"0cc6fe9\" data-element_type=\"column\" data-e-type=\"column\">\n\t\t\t<div class=\"elementor-widget-wrap elementor-element-populated\">\n\t\t\t\t\t\t<div class=\"elementor-element elementor-element-0a2cecf elementor-widget elementor-widget-button\" data-id=\"0a2cecf\" data-element_type=\"widget\" data-e-type=\"widget\" data-widget_type=\"button.default\">\n\t\t\t\t<div class=\"elementor-widget-container\">\n\t\t\t\t\t\t\t\t\t<div class=\"elementor-button-wrapper\">\n\t\t\t\t\t<a class=\"elementor-button elementor-button-link elementor-size-sm\" href=\"https:\/\/www.examinations.ie\/?l=ir&amp;mc=cs&amp;sc=cs\" target=\"_blank\">\n\t\t\t\t\t\t<span class=\"elementor-button-content-wrapper\">\n\t\t\t\t\t\t\t\t\t<span class=\"elementor-button-text\">T\u00e1 tuilleadh eolais don fhoireann ar conradh maidir le c\u00farsa\u00ed airgeadais agus pinsin, polasaithe agus n\u00f3sanna imeachta um chosaint leana\u00ed ar f\u00e1il anseo<\/span>\n\t\t\t\t\t<\/span>\n\t\t\t\t\t<\/a>\n\t\t\t\t<\/div>\n\t\t\t\t\t\t\t\t<\/div>\n\t\t\t\t<\/div>\n\t\t\t\t\t<\/div>\n\t\t<\/div>\n\t\t\t\t\t<\/div>\n\t\t<\/section>\n\t\t\t\t<\/div>","protected":false},"excerpt":{"rendered":"<p>Policy on appointment of examiners (Updated March 2022) Appointments as examiners to mark oral, coursework and written examinations are made on the basis of the information supplied by examiners on their application forms, and is subject to confirmation of the accuracy of this information. The Chief Examiner will consider the following factors when recommending suitable &#8230; <a title=\"Eolas don Fhoireann ar Conradh\" class=\"read-more\" href=\"https:\/\/secexaminer.ie\/ir\/contract-staff\/\" aria-label=\"Read more about Contract Staff\">Read more<\/a><\/p>","protected":false},"author":1,"featured_media":0,"parent":0,"menu_order":0,"comment_status":"closed","ping_status":"closed","template":"","meta":{"footnotes":""},"class_list":["post-800","page","type-page","status-publish"],"_links":{"self":[{"href":"https:\/\/secexaminer.ie\/ir\/wp-json\/wp\/v2\/pages\/800","targetHints":{"allow":["GET"]}}],"collection":[{"href":"https:\/\/secexaminer.ie\/ir\/wp-json\/wp\/v2\/pages"}],"about":[{"href":"https:\/\/secexaminer.ie\/ir\/wp-json\/wp\/v2\/types\/page"}],"author":[{"embeddable":true,"href":"https:\/\/secexaminer.ie\/ir\/wp-json\/wp\/v2\/users\/1"}],"replies":[{"embeddable":true,"href":"https:\/\/secexaminer.ie\/ir\/wp-json\/wp\/v2\/comments?post=800"}],"version-history":[{"count":0,"href":"https:\/\/secexaminer.ie\/ir\/wp-json\/wp\/v2\/pages\/800\/revisions"}],"wp:attachment":[{"href":"https:\/\/secexaminer.ie\/ir\/wp-json\/wp\/v2\/media?parent=800"}],"curies":[{"name":"wp","href":"https:\/\/api.w.org\/{rel}","templated":true}]}}